{"id":2851,"date":"2025-12-16T15:17:08","date_gmt":"2025-12-16T14:17:08","guid":{"rendered":"https:\/\/master-crdm.parisnanterre.fr\/blacksheep\/notre-master\/"},"modified":"2026-01-04T22:41:45","modified_gmt":"2026-01-04T21:41:45","slug":"notre-master","status":"publish","type":"page","link":"https:\/\/master-crdm.parisnanterre.fr\/blacksheep\/notre-master\/","title":{"rendered":"Notre master"},"content":{"rendered":"\t\t<div data-elementor-type=\"wp-page\" data-elementor-id=\"2851\" class=\"elementor elementor-2851\">\n\t\t\t\t<div class=\"elementor-element elementor-element-6a886fb2 e-flex e-con-boxed e-con e-parent\" data-id=\"6a886fb2\" data-element_type=\"container\" data-e-type=\"container\">\n\t\t\t\t\t<div class=\"e-con-inner\">\n\t\t\t\t<div class=\"elementor-element elementor-element-38a20138 elementor-widget elementor-widget-text-editor\" data-id=\"38a20138\" data-element_type=\"widget\" data-e-type=\"widget\" data-widget_type=\"text-editor.default\">\n\t\t\t\t<div class=\"elementor-widget-container\">\n\t\t\t\t\t\t\t\t\t\n<p>Le master <strong>Communication R\u00e9dactionnelle D\u00e9di\u00e9e au Multim\u00e9dia <\/strong>(<strong>CRDM<\/strong>), est une formation en deux ans proposant des cours centr\u00e9s sur les m\u00e9tiers de la communication et de la r\u00e9daction pour le web et le print.\u00a0<\/p>\n\n<p>Le parcours comprend des <strong>enseignements pluridisciplinaires :<\/strong> comprenant de l\u2019\u00e9laboration de strat\u00e9gies de communication, du droit, des sciences politiques, du marketing, de la sociologie, etc.\u00a0<\/p>\n\n<p>Les <strong>ateliers <\/strong>pratiques explorent des aspects plus techniques de la formation, parmi lesquels nous pouvons trouver des ateliers d&rsquo;\u00e9criture, les relations presses, du Search Engine Optimisation, Publication Assist\u00e9e par Ordinateur ou encore de la cr\u00e9ation de sites web.\u00a0\u00a0<\/p>\n\n<p>Afin de pr\u00e9parer les \u00e9tudiants au monde professionnel, des <strong>projets tutor\u00e9s<\/strong> suivis par nos enseignants et des <strong>voyages d\u2019\u00e9tudes<\/strong> compl\u00e8tent la formation.\u00a0<\/p>\n\n<p>La formation peut s\u2019effectuer de deux fa\u00e7ons diff\u00e9rentes : <strong>le parcours initial<\/strong> et <strong>le parcours en alternance<\/strong>. Pour ceux et celles qui choisiront la premi\u00e8re voie, un stage obligatoire devra \u00eatre effectu\u00e9 les deux ans \u00e0 la fin de l\u2019ann\u00e9e. Pour les apprentis, la semaine se d\u00e9roule en deux temps : trois jours en cours et deux en entreprise au premier semestre et deux jours en cours et trois en entreprise au second.\u00a0<\/p>\n\n<p>Enfin, un <strong>m\u00e9moire de recherche <\/strong>devra \u00eatre r\u00e9alis\u00e9 en premi\u00e8re (sur un sujet libre) et en deuxi\u00e8me ann\u00e9e (en rapport avec votre alternance ou votre stage). Il est \u00e9galement possible d\u2019\u00e9tendre le m\u00e9moire sur deux ans en conservant le m\u00eame sujet.\u00a0<\/p>\n\n<p>Alors, si les m\u00e9tiers de la communication, de la r\u00e9daction web ou de la presse vous int\u00e9ressent, n\u2019attendez plus et inscrivez-vous au master CRDM !\u00a0<\/p>\n\t\t\t\t\t\t\t\t<\/div>\n\t\t\t\t<\/div>\n\t\t\t\t\t<\/div>\n\t\t\t\t<\/div>\n\t\t\t\t<\/div>\n\t\t","protected":false},"excerpt":{"rendered":"<p>Le master Communication R\u00e9dactionnelle D\u00e9di\u00e9e au Multim\u00e9dia (CRDM), est une formation en deux ans proposant des cours centr\u00e9s sur les m\u00e9tiers de la communication et de la r\u00e9daction pour le web et le print.\u00a0 Le parcours comprend des enseignements pluridisciplinaires : comprenant de l\u2019\u00e9laboration de strat\u00e9gies de communication, du droit, des sciences politiques, du marketing, [&hellip;]<\/p>\n","protected":false},"author":17,"featured_media":0,"parent":0,"menu_order":0,"comment_status":"closed","ping_status":"closed","template":"","meta":{"_FSMCFIC_featured_image_caption":"","_FSMCFIC_featured_image_nocaption":"","_FSMCFIC_featured_image_hide":"","footnotes":""},"class_list":["post-2851","page","type-page","status-publish","hentry"],"yoast_head":"<!-- This site is optimized with the Yoast SEO plugin v24.2 - https:\/\/yoast.com\/wordpress\/plugins\/seo\/ -->\n<title>Notre master - Black Sheep<\/title>\n<meta name=\"robots\" content=\"index, follow, max-snippet:-1, max-image-preview:large, max-video-preview:-1\" \/>\n<link rel=\"canonical\" href=\"https:\/\/master-crdm.parisnanterre.fr\/blacksheep\/notre-master\/\" \/>\n<meta property=\"og:locale\" content=\"fr_FR\" \/>\n<meta property=\"og:type\" content=\"article\" \/>\n<meta property=\"og:title\" content=\"Notre master - Black Sheep\" \/>\n<meta property=\"og:description\" content=\"Le master Communication R\u00e9dactionnelle D\u00e9di\u00e9e au Multim\u00e9dia (CRDM), est une formation en deux ans proposant des cours centr\u00e9s sur les m\u00e9tiers de la communication et de la r\u00e9daction pour le web et le print.\u00a0 Le parcours comprend des enseignements pluridisciplinaires : comprenant de l\u2019\u00e9laboration de strat\u00e9gies de communication, du droit, des sciences politiques, du marketing, [&hellip;]\" \/>\n<meta property=\"og:url\" content=\"https:\/\/master-crdm.parisnanterre.fr\/blacksheep\/notre-master\/\" \/>\n<meta property=\"og:site_name\" content=\"Black Sheep\" \/>\n<meta property=\"article:modified_time\" content=\"2026-01-04T21:41:45+00:00\" \/>\n<meta name=\"twitter:card\" content=\"summary_large_image\" \/>\n<meta name=\"twitter:label1\" content=\"Dur\u00e9e de lecture estim\u00e9e\" \/>\n\t<meta name=\"twitter:data1\" content=\"2 minutes\" \/>\n<script type=\"application\/ld+json\" class=\"yoast-schema-graph\">{\"@context\":\"https:\/\/schema.org\",\"@graph\":[{\"@type\":\"WebPage\",\"@id\":\"https:\/\/master-crdm.parisnanterre.fr\/blacksheep\/notre-master\/\",\"url\":\"https:\/\/master-crdm.parisnanterre.fr\/blacksheep\/notre-master\/\",\"name\":\"Notre master - Black Sheep\",\"isPartOf\":{\"@id\":\"https:\/\/master-crdm.parisnanterre.fr\/blacksheep\/#website\"},\"datePublished\":\"2025-12-16T14:17:08+00:00\",\"dateModified\":\"2026-01-04T21:41:45+00:00\",\"breadcrumb\":{\"@id\":\"https:\/\/master-crdm.parisnanterre.fr\/blacksheep\/notre-master\/#breadcrumb\"},\"inLanguage\":\"fr-FR\",\"potentialAction\":[{\"@type\":\"ReadAction\",\"target\":[\"https:\/\/master-crdm.parisnanterre.fr\/blacksheep\/notre-master\/\"]}]},{\"@type\":\"BreadcrumbList\",\"@id\":\"https:\/\/master-crdm.parisnanterre.fr\/blacksheep\/notre-master\/#breadcrumb\",\"itemListElement\":[{\"@type\":\"ListItem\",\"position\":1,\"name\":\"Home\",\"item\":\"https:\/\/master-crdm.parisnanterre.fr\/blacksheep\/\"},{\"@type\":\"ListItem\",\"position\":2,\"name\":\"Notre master\"}]},{\"@type\":\"WebSite\",\"@id\":\"https:\/\/master-crdm.parisnanterre.fr\/blacksheep\/#website\",\"url\":\"https:\/\/master-crdm.parisnanterre.fr\/blacksheep\/\",\"name\":\"Black Sheep\",\"description\":\"Le magazine du master CRDM\",\"publisher\":{\"@id\":\"https:\/\/master-crdm.parisnanterre.fr\/blacksheep\/#organization\"},\"potentialAction\":[{\"@type\":\"SearchAction\",\"target\":{\"@type\":\"EntryPoint\",\"urlTemplate\":\"https:\/\/master-crdm.parisnanterre.fr\/blacksheep\/?s={search_term_string}\"},\"query-input\":{\"@type\":\"PropertyValueSpecification\",\"valueRequired\":true,\"valueName\":\"search_term_string\"}}],\"inLanguage\":\"fr-FR\"},{\"@type\":\"Organization\",\"@id\":\"https:\/\/master-crdm.parisnanterre.fr\/blacksheep\/#organization\",\"name\":\"Black Sheep\",\"url\":\"https:\/\/master-crdm.parisnanterre.fr\/blacksheep\/\",\"logo\":{\"@type\":\"ImageObject\",\"inLanguage\":\"fr-FR\",\"@id\":\"https:\/\/master-crdm.parisnanterre.fr\/blacksheep\/#\/schema\/logo\/image\/\",\"url\":\"https:\/\/master-crdm.parisnanterre.fr\/blacksheep\/wp-content\/uploads\/2024\/01\/LOGO-BLACK-RECTANGLE.png\",\"contentUrl\":\"https:\/\/master-crdm.parisnanterre.fr\/blacksheep\/wp-content\/uploads\/2024\/01\/LOGO-BLACK-RECTANGLE.png\",\"width\":500,\"height\":330,\"caption\":\"Black Sheep\"},\"image\":{\"@id\":\"https:\/\/master-crdm.parisnanterre.fr\/blacksheep\/#\/schema\/logo\/image\/\"}}]}<\/script>\n<!-- \/ Yoast SEO plugin. -->","yoast_head_json":{"title":"Notre master - Black Sheep","robots":{"index":"index","follow":"follow","max-snippet":"max-snippet:-1","max-image-preview":"max-image-preview:large","max-video-preview":"max-video-preview:-1"},"canonical":"https:\/\/master-crdm.parisnanterre.fr\/blacksheep\/notre-master\/","og_locale":"fr_FR","og_type":"article","og_title":"Notre master - Black Sheep","og_description":"Le master Communication R\u00e9dactionnelle D\u00e9di\u00e9e au Multim\u00e9dia (CRDM), est une formation en deux ans proposant des cours centr\u00e9s sur les m\u00e9tiers de la communication et de la r\u00e9daction pour le web et le print.\u00a0 Le parcours comprend des enseignements pluridisciplinaires : comprenant de l\u2019\u00e9laboration de strat\u00e9gies de communication, du droit, des sciences politiques, du marketing, [&hellip;]","og_url":"https:\/\/master-crdm.parisnanterre.fr\/blacksheep\/notre-master\/","og_site_name":"Black Sheep","article_modified_time":"2026-01-04T21:41:45+00:00","twitter_card":"summary_large_image","twitter_misc":{"Dur\u00e9e de lecture estim\u00e9e":"2 minutes"},"schema":{"@context":"https:\/\/schema.org","@graph":[{"@type":"WebPage","@id":"https:\/\/master-crdm.parisnanterre.fr\/blacksheep\/notre-master\/","url":"https:\/\/master-crdm.parisnanterre.fr\/blacksheep\/notre-master\/","name":"Notre master - Black Sheep","isPartOf":{"@id":"https:\/\/master-crdm.parisnanterre.fr\/blacksheep\/#website"},"datePublished":"2025-12-16T14:17:08+00:00","dateModified":"2026-01-04T21:41:45+00:00","breadcrumb":{"@id":"https:\/\/master-crdm.parisnanterre.fr\/blacksheep\/notre-master\/#breadcrumb"},"inLanguage":"fr-FR","potentialAction":[{"@type":"ReadAction","target":["https:\/\/master-crdm.parisnanterre.fr\/blacksheep\/notre-master\/"]}]},{"@type":"BreadcrumbList","@id":"https:\/\/master-crdm.parisnanterre.fr\/blacksheep\/notre-master\/#breadcrumb","itemListElement":[{"@type":"ListItem","position":1,"name":"Home","item":"https:\/\/master-crdm.parisnanterre.fr\/blacksheep\/"},{"@type":"ListItem","position":2,"name":"Notre master"}]},{"@type":"WebSite","@id":"https:\/\/master-crdm.parisnanterre.fr\/blacksheep\/#website","url":"https:\/\/master-crdm.parisnanterre.fr\/blacksheep\/","name":"Black Sheep","description":"Le magazine du master CRDM","publisher":{"@id":"https:\/\/master-crdm.parisnanterre.fr\/blacksheep\/#organization"},"potentialAction":[{"@type":"SearchAction","target":{"@type":"EntryPoint","urlTemplate":"https:\/\/master-crdm.parisnanterre.fr\/blacksheep\/?s={search_term_string}"},"query-input":{"@type":"PropertyValueSpecification","valueRequired":true,"valueName":"search_term_string"}}],"inLanguage":"fr-FR"},{"@type":"Organization","@id":"https:\/\/master-crdm.parisnanterre.fr\/blacksheep\/#organization","name":"Black Sheep","url":"https:\/\/master-crdm.parisnanterre.fr\/blacksheep\/","logo":{"@type":"ImageObject","inLanguage":"fr-FR","@id":"https:\/\/master-crdm.parisnanterre.fr\/blacksheep\/#\/schema\/logo\/image\/","url":"https:\/\/master-crdm.parisnanterre.fr\/blacksheep\/wp-content\/uploads\/2024\/01\/LOGO-BLACK-RECTANGLE.png","contentUrl":"https:\/\/master-crdm.parisnanterre.fr\/blacksheep\/wp-content\/uploads\/2024\/01\/LOGO-BLACK-RECTANGLE.png","width":500,"height":330,"caption":"Black Sheep"},"image":{"@id":"https:\/\/master-crdm.parisnanterre.fr\/blacksheep\/#\/schema\/logo\/image\/"}}]}},"_links":{"self":[{"href":"https:\/\/master-crdm.parisnanterre.fr\/blacksheep\/wp-json\/wp\/v2\/pages\/2851","targetHints":{"allow":["GET"]}}],"collection":[{"href":"https:\/\/master-crdm.parisnanterre.fr\/blacksheep\/wp-json\/wp\/v2\/pages"}],"about":[{"href":"https:\/\/master-crdm.parisnanterre.fr\/blacksheep\/wp-json\/wp\/v2\/types\/page"}],"author":[{"embeddable":true,"href":"https:\/\/master-crdm.parisnanterre.fr\/blacksheep\/wp-json\/wp\/v2\/users\/17"}],"replies":[{"embeddable":true,"href":"https:\/\/master-crdm.parisnanterre.fr\/blacksheep\/wp-json\/wp\/v2\/comments?post=2851"}],"version-history":[{"count":7,"href":"https:\/\/master-crdm.parisnanterre.fr\/blacksheep\/wp-json\/wp\/v2\/pages\/2851\/revisions"}],"predecessor-version":[{"id":3148,"href":"https:\/\/master-crdm.parisnanterre.fr\/blacksheep\/wp-json\/wp\/v2\/pages\/2851\/revisions\/3148"}],"wp:attachment":[{"href":"https:\/\/master-crdm.parisnanterre.fr\/blacksheep\/wp-json\/wp\/v2\/media?parent=2851"}],"curies":[{"name":"wp","href":"https:\/\/api.w.org\/{rel}","templated":true}]}}